{"id":2,"date":"2026-03-02T15:53:03","date_gmt":"2026-03-02T15:53:03","guid":{"rendered":"https:\/\/www.kratiste.com\/?page_id=2"},"modified":"2026-03-02T15:53:03","modified_gmt":"2026-03-02T15:53:03","slug":"page-exemple","status":"publish","type":"page","link":"https:\/\/www.kratiste.com\/fr\/voorbeeld-pagina\/","title":{"rendered":"Page d'exemple"},"content":{"rendered":"<p>Ceci est une page d'exemple. Elle est diff\u00e9rente d'un article de blog car elle reste au m\u00eame endroit et appara\u00eet dans la navigation de votre site (dans la plupart des th\u00e8mes). La plupart des gens commencent par une page \"\u00c0 propos\" qui les pr\u00e9sente aux visiteurs potentiels de leur site. Elle pourrait dire quelque chose comme ceci :<\/p>\n\n\n\n<blockquote class=\"wp-block-quote is-layout-flow wp-block-quote-is-layout-flow\">\n\n<p>Salut ! Je suis coursier \u00e0 v\u00e9lo le jour et acteur d\u00e9butant le soir, et voici mon site. Je vis \u00e0 Los Angeles, j'ai un chien sympa qui s'appelle Jack et j'adore les pi\u00f1a coladas. (Et me faire surprendre par la pluie.)<\/p>\n\n<\/blockquote>\n\n\n\n<p>\u2026ou quelque chose comme ceci :<\/p>\n\n\n\n<blockquote class=\"wp-block-quote is-layout-flow wp-block-quote-is-layout-flow\">\n\n<p>La XYZ Doohickey Company a \u00e9t\u00e9 fond\u00e9e en 1971 et fournit depuis des doohickeys de qualit\u00e9 au public. Bas\u00e9e \u00e0 Gotham City, XYZ emploie plus de 2000 personnes et fait toutes sortes de choses fantastiques pour la communaut\u00e9 de Gotham.<\/p>\n\n<\/blockquote>\n\n\n\n<p>En tant que nouvel utilisateur de WordPress, vous pouvez aller <a href=\"https:\/\/www.kratiste.com\/wp-admin\/\">je tableau de bord<\/a> pour supprimer cette page et ajouter de nouvelles pages pour votre contenu. Amusez-vous bien !<\/p>","protected":false},"excerpt":{"rendered":"<p>Dit is een voorbeeldpagina. Het is anders dan een blog bericht omdat het op \u00e9\u00e9n plek blijft en tevoorschijn komt in je site navigatie (in de meeste thema&#8217;s). De meeste mensen starten met een Over pagina dat hen voorstelt aan potenti\u00eble site bezoekers. Het zou iets als dit kunnen zeggen: Hoi daar! Ik ben een [&hellip;]<\/p>\n","protected":false},"author":1,"featured_media":0,"parent":0,"menu_order":0,"comment_status":"closed","ping_status":"open","template":"","meta":{"_et_pb_use_builder":"","_et_pb_old_content":"","_et_gb_content_width":"","footnotes":""},"class_list":["post-2","page","type-page","status-publish","hentry"],"_links":{"self":[{"href":"https:\/\/www.kratiste.com\/fr\/wp-json\/wp\/v2\/pages\/2","targetHints":{"allow":["GET"]}}],"collection":[{"href":"https:\/\/www.kratiste.com\/fr\/wp-json\/wp\/v2\/pages"}],"about":[{"href":"https:\/\/www.kratiste.com\/fr\/wp-json\/wp\/v2\/types\/page"}],"author":[{"embeddable":true,"href":"https:\/\/www.kratiste.com\/fr\/wp-json\/wp\/v2\/users\/1"}],"replies":[{"embeddable":true,"href":"https:\/\/www.kratiste.com\/fr\/wp-json\/wp\/v2\/comments?post=2"}],"version-history":[{"count":0,"href":"https:\/\/www.kratiste.com\/fr\/wp-json\/wp\/v2\/pages\/2\/revisions"}],"wp:attachment":[{"href":"https:\/\/www.kratiste.com\/fr\/wp-json\/wp\/v2\/media?parent=2"}],"curies":[{"name":"wp","href":"https:\/\/api.w.org\/{rel}","templated":true}]}}