{"id":100923,"date":"2026-03-02T15:53:03","date_gmt":"2026-03-02T15:53:03","guid":{"rendered":"https:\/\/www.kratiste.com\/beispielseite\/"},"modified":"2026-03-24T06:42:51","modified_gmt":"2026-03-24T06:42:51","slug":"beispielseite","status":"publish","type":"page","link":"https:\/\/www.kratiste.com\/fr\/beispielseite\/","title":{"rendered":"Beispielseite"},"content":{"rendered":"<p>Dies ist eine Beispielseite. Sie unterscheidet sich von einem Blogbeitrag, da sie an einem Ort bleibt und (in den meisten Themes) in deiner Website-Navigation erscheint. Die meisten Menschen beginnen mit einer \u201e\u00dcber uns\u201c-Seite, die sie potenziellen Website-Besuchern vorstellt. Dort k\u00f6nnte zum Beispiel Folgendes stehen:   <\/p>\n\n<blockquote class=\"wp-block-quote is-layout-flow wp-block-quote-is-layout-flow\">\n\n<p>Hallo! Tags\u00fcber bin ich Fahrradkurier, abends ein angehender Schauspieler, und dies ist meine Website. Ich lebe in Los Angeles, habe einen tollen Hund namens Jack und ich liebe Pi\u00f1a Coladas. (Und vom Regen \u00fcberrascht zu werden.)   <\/p>\n\n<\/blockquote>\n\n<p>&#8230;oder so etwas wie das hier:<\/p>\n\n<blockquote class=\"wp-block-quote is-layout-flow wp-block-quote-is-layout-flow\">\n\n<p>Die XYZ Doohickey Company wurde 1971 gegr\u00fcndet und liefert seither hochwertige Doohickeys an die \u00d6ffentlichkeit. XYZ hat seinen Sitz in Gotham City, besch\u00e4ftigt mehr als 2.000 Mitarbeiter und engagiert sich auf vielf\u00e4ltige Weise f\u00fcr die Gemeinschaft in Gotham. <\/p>\n\n<\/blockquote>\n\n<p>Als neuer WordPress-Nutzer kannst du in <a href=\"https:\/\/www.kratiste.com\/wp-admin\/\">dein Dashboard<\/a> gehen, um diese Seite zu l\u00f6schen und neue Seiten f\u00fcr deine Inhalte hinzuzuf\u00fcgen. Viel Spa\u00df! <\/p>","protected":false},"excerpt":{"rendered":"<p>Dies ist eine Beispielseite. Sie unterscheidet sich von einem Blogbeitrag, da sie an einem Ort bleibt und (in den meisten Themes) in deiner Website-Navigation erscheint. Die meisten Menschen beginnen mit einer \u201e\u00dcber uns\u201c-Seite, die sie potenziellen Website-Besuchern vorstellt. Dort k\u00f6nnte zum Beispiel Folgendes stehen: Hallo! Tags\u00fcber bin ich Fahrradkurier, abends ein angehender Schauspieler, und dies [&hellip;]<\/p>\n","protected":false},"author":1,"featured_media":0,"parent":0,"menu_order":0,"comment_status":"closed","ping_status":"open","template":"","meta":{"_et_pb_use_builder":"","_et_pb_old_content":"","_et_gb_content_width":"","footnotes":""},"class_list":["post-100923","page","type-page","status-publish","hentry"],"_links":{"self":[{"href":"https:\/\/www.kratiste.com\/fr\/wp-json\/wp\/v2\/pages\/100923","targetHints":{"allow":["GET"]}}],"collection":[{"href":"https:\/\/www.kratiste.com\/fr\/wp-json\/wp\/v2\/pages"}],"about":[{"href":"https:\/\/www.kratiste.com\/fr\/wp-json\/wp\/v2\/types\/page"}],"author":[{"embeddable":true,"href":"https:\/\/www.kratiste.com\/fr\/wp-json\/wp\/v2\/users\/1"}],"replies":[{"embeddable":true,"href":"https:\/\/www.kratiste.com\/fr\/wp-json\/wp\/v2\/comments?post=100923"}],"version-history":[{"count":0,"href":"https:\/\/www.kratiste.com\/fr\/wp-json\/wp\/v2\/pages\/100923\/revisions"}],"wp:attachment":[{"href":"https:\/\/www.kratiste.com\/fr\/wp-json\/wp\/v2\/media?parent=100923"}],"curies":[{"name":"wp","href":"https:\/\/api.w.org\/{rel}","templated":true}]}}