{"id":2,"date":"2026-03-02T15:53:03","date_gmt":"2026-03-02T15:53:03","guid":{"rendered":"https:\/\/www.kratiste.com\/?page_id=2"},"modified":"2026-03-02T15:53:03","modified_gmt":"2026-03-02T15:53:03","slug":"beispielseite","status":"publish","type":"page","link":"https:\/\/www.kratiste.com\/de\/voorbeeld-pagina\/","title":{"rendered":"Beispielseite"},"content":{"rendered":"<p>Dies ist eine Beispielseite. Sie unterscheidet sich von einem Blogbeitrag, weil sie an einem Ort bleibt und in der Navigation Ihrer Website angezeigt wird (in den meisten Themes). Die meisten Leute beginnen mit einer \u00dcber-Seite, die sie potenziellen Besuchern der Website vorstellt. Sie k\u00f6nnte etwa so lauten:<\/p>\n\n\n\n<blockquote class=\"wp-block-quote is-layout-flow wp-block-quote-is-layout-flow\">\n\n<p>Hallo zusammen! Ich bin im Alltag Fahrradkurier und abends ein angehender Schauspieler, und dies ist meine Website. Ich lebe in Los Angeles, habe einen s\u00fc\u00dfen Hund namens Jack und ich liebe Pi\u00f1a Coladas. (Und werde vom Regen \u00fcberrascht.)<\/p>\n\n<\/blockquote>\n\n\n\n<p>...oder etwas in dieser Art:<\/p>\n\n\n\n<blockquote class=\"wp-block-quote is-layout-flow wp-block-quote-is-layout-flow\">\n\n<p>Die XYZ Doohickey Company wurde 1971 gegr\u00fcndet und bietet seitdem hochwertige Doohickeys f\u00fcr die \u00d6ffentlichkeit an. XYZ hat seinen Sitz in Gotham City und besch\u00e4ftigt mehr als 2.000 Mitarbeiter, die alle m\u00f6glichen gro\u00dfartigen Dinge f\u00fcr die Gemeinschaft in Gotham tun.<\/p>\n\n<\/blockquote>\n\n\n\n<p>Als neuer WordPress-Benutzer k\u00f6nnen Sie zu <a href=\"https:\/\/www.kratiste.com\/wp-admin\/\">Ihr Armaturenbrett<\/a> gehen Sie zum L\u00f6schen dieser Seite und f\u00fcgen Sie neue Seiten f\u00fcr Ihren Inhalt hinzu. Viel Spa\u00df!<\/p>","protected":false},"excerpt":{"rendered":"<p>Dit is een voorbeeldpagina. Het is anders dan een blog bericht omdat het op \u00e9\u00e9n plek blijft en tevoorschijn komt in je site navigatie (in de meeste thema&#8217;s). De meeste mensen starten met een Over pagina dat hen voorstelt aan potenti\u00eble site bezoekers. Het zou iets als dit kunnen zeggen: Hoi daar! Ik ben een [&hellip;]<\/p>\n","protected":false},"author":1,"featured_media":0,"parent":0,"menu_order":0,"comment_status":"closed","ping_status":"open","template":"","meta":{"_et_pb_use_builder":"","_et_pb_old_content":"","_et_gb_content_width":"","footnotes":""},"class_list":["post-2","page","type-page","status-publish","hentry"],"_links":{"self":[{"href":"https:\/\/www.kratiste.com\/de\/wp-json\/wp\/v2\/pages\/2","targetHints":{"allow":["GET"]}}],"collection":[{"href":"https:\/\/www.kratiste.com\/de\/wp-json\/wp\/v2\/pages"}],"about":[{"href":"https:\/\/www.kratiste.com\/de\/wp-json\/wp\/v2\/types\/page"}],"author":[{"embeddable":true,"href":"https:\/\/www.kratiste.com\/de\/wp-json\/wp\/v2\/users\/1"}],"replies":[{"embeddable":true,"href":"https:\/\/www.kratiste.com\/de\/wp-json\/wp\/v2\/comments?post=2"}],"version-history":[{"count":0,"href":"https:\/\/www.kratiste.com\/de\/wp-json\/wp\/v2\/pages\/2\/revisions"}],"wp:attachment":[{"href":"https:\/\/www.kratiste.com\/de\/wp-json\/wp\/v2\/media?parent=2"}],"curies":[{"name":"wp","href":"https:\/\/api.w.org\/{rel}","templated":true}]}}