{"id":101079,"date":"2021-11-21T08:40:00","date_gmt":"2021-11-21T08:40:00","guid":{"rendered":"https:\/\/www.kratiste.com\/rueckerstattungs-rueckgaberichtlinien\/"},"modified":"2026-03-24T06:50:28","modified_gmt":"2026-03-24T06:50:28","slug":"rueckerstattungs-rueckgaberichtlinien","status":"publish","type":"page","link":"https:\/\/www.kratiste.com\/de\/rueckerstattungs-rueckgaberichtlinien\/","title":{"rendered":"R\u00fcckerstattungs- &amp; R\u00fcckgaberichtlinien"},"content":{"rendered":"<p>[et_pb_section fb_built=&#8221;1&#8243; _builder_version=&#8221;4.13.1&#8243; _module_preset=&#8221;default&#8221; background_color=&#8221;#242420&#8243; background_color_gradient_direction=&#8221;90deg&#8221; background_image=&#8221;https:\/\/www.kratiste.com\/wp-content\/uploads\/2026\/03\/bakery-16.webp&#8221; background_blend=&#8221;overlay&#8221; bottom_divider_color=&#8221;#FFFFFF&#8221; locked=&#8221;off&#8221; global_colors_info=&#8221;{}&#8221;][et_pb_row _builder_version=&#8221;4.9.4&#8243; _module_preset=&#8221;default&#8221; global_colors_info=&#8221;{}&#8221;][et_pb_column type=&#8221;4_4&#8243; _builder_version=&#8221;4.9.4&#8243; _module_preset=&#8221;default&#8221; global_colors_info=&#8221;{}&#8221;][dipl_double_color_heading heading_pre_part=&#8221;Refund &#038;&#8221; heading_main_part=&#8221;Returns Policy&#8221; _builder_version=&#8221;4.13.1&#8243; _module_preset=&#8221;default&#8221; global_heading_settings_level=&#8221;h1&#8243; global_heading_settings_text_align=&#8221;center&#8221; pre_header_font=&#8221;Teko|600||on|||||&#8221; pre_header_text_color=&#8221;#FFFFFF&#8221; pre_header_font_size=&#8221;80px&#8221; pre_header_letter_spacing=&#8221;1px&#8221; pre_header_line_height=&#8221;1.1em&#8221; main_header_font=&#8221;Teko|600||on|||||&#8221; main_header_text_color=&#8221;#ba8a59&#8243; main_header_font_size=&#8221;80px&#8221; main_header_letter_spacing=&#8221;1px&#8221; main_header_line_height=&#8221;1.1em&#8221; custom_margin=&#8221;||20px||false|false&#8221; pre_header_font_size_tablet=&#8221;50px&#8221; pre_header_font_size_phone=&#8221;50px&#8221; pre_header_font_size_last_edited=&#8221;on|phone&#8221; main_header_font_size_tablet=&#8221;50px&#8221; main_header_font_size_phone=&#8221;&#8221; main_header_font_size_last_edited=&#8221;on|tablet&#8221; locked=&#8221;off&#8221; global_colors_info=&#8221;{}&#8221;][\/dipl_double_color_heading][et_pb_text _builder_version=&#8221;4.13.1&#8243; _module_preset=&#8221;default&#8221; text_font=&#8221;Maven Pro||||||||&#8221; text_text_color=&#8221;#FFFFFF&#8221; text_orientation=&#8221;center&#8221; width=&#8221;40%&#8221; width_tablet=&#8221;100%&#8221; width_phone=&#8221;&#8221; width_last_edited=&#8221;on|tablet&#8221; module_alignment=&#8221;center&#8221; global_colors_info=&#8221;{}&#8221;]Bearbeite diesen Text in den Moduleinstellungen. Du kannst auch jeden Aspekt dieses Inhalts in den Design-Einstellungen des Moduls anpassen.[\/et_pb_text][\/et_pb_column][\/et_pb_row][\/et_pb_section][et_pb_section fb_built=&#8221;1&#8243; _builder_version=&#8221;4.14.0&#8243; hover_enabled=&#8221;0&#8243; global_colors_info=&#8221;{}&#8221; background_color=&#8221;#f9f6f1&#8243; sticky_enabled=&#8221;0&#8243;][et_pb_row _builder_version=&#8221;3.25&#8243; background_size=&#8221;initial&#8221; background_position=&#8221;top_left&#8221; background_repeat=&#8221;repeat&#8221; global_colors_info=&#8221;{}&#8221;][et_pb_column type=&#8221;4_4&#8243; _builder_version=&#8221;3.25&#8243; custom_padding=&#8221;|||&#8221; global_colors_info=&#8221;{}&#8221; custom_padding__hover=&#8221;|||&#8221;][et_pb_text _builder_version=&#8221;4.13.1&#8243; background_size=&#8221;initial&#8221; background_position=&#8221;top_left&#8221; background_repeat=&#8221;repeat&#8221; global_colors_info=&#8221;{}&#8221;]<\/p>\n<p><!-- divi:paragraph --><b>Dies ist eine Beispielseite.<\/b><\/p>\n<p><!-- \/divi:paragraph --><\/p>\n<p><!-- divi:paragraph --><\/p>\n<h3>\u00dcbersicht<\/h3>\n<p><!-- \/divi:paragraph --><\/p>\n<p><!-- divi:paragraph -->Unsere R\u00fcckerstattungs- und R\u00fcckgaberichtlinien gelten f\u00fcr 30 Tage. Wenn seit deinem Kauf 30 Tage vergangen sind, k\u00f6nnen wir dir keine vollst\u00e4ndige R\u00fcckerstattung und keinen Umtausch anbieten. <\/p>\n<p><!-- \/divi:paragraph --><\/p>\n<p><!-- divi:paragraph -->Um f\u00fcr eine R\u00fcckgabe berechtigt zu sein, muss dein Artikel unbenutzt und im selben Zustand sein, in dem du ihn erhalten hast. Er muss sich au\u00dferdem in der Originalverpackung befinden. <\/p>\n<p><!-- \/divi:paragraph --><\/p>\n<p><!-- divi:paragraph -->Verschiedene Arten von Waren sind von der R\u00fcckgabe ausgeschlossen. Verderbliche Waren wie Lebensmittel, Blumen, Zeitungen oder Zeitschriften k\u00f6nnen nicht zur\u00fcckgegeben werden. Wir akzeptieren auch keine Produkte, bei denen es sich um Intim- oder Hygieneartikel, gef\u00e4hrliche Stoffe oder brennbare Fl\u00fcssigkeiten oder Gase handelt.  <\/p>\n<p><!-- \/divi:paragraph --><\/p>\n<p><!-- divi:paragraph -->Weitere nicht r\u00fcckgabef\u00e4hige Artikel:<\/p>\n<p><!-- \/divi:paragraph --><\/p>\n<p><!-- divi:list --><\/p>\n<ul>\n<li>Geschenkkarten<\/li>\n<li>Herunterladbare Softwareprodukte<\/li>\n<li>Einige Gesundheits- und K\u00f6rperpflegeartikel<\/li>\n<\/ul>\n<p><!-- \/divi:list --><\/p>\n<p><!-- divi:paragraph -->Um deine R\u00fcckgabe abzuschlie\u00dfen, ben\u00f6tigen wir eine Quittung oder einen Kaufbeleg.<\/p>\n<p><!-- \/divi:paragraph --><\/p>\n<p><!-- divi:paragraph -->Bitte sende deinen Kauf nicht an den Hersteller zur\u00fcck.<\/p>\n<p><!-- \/divi:paragraph --><\/p>\n<p><!-- divi:paragraph -->Es gibt bestimmte Situationen, in denen nur teilweise R\u00fcckerstattungen gew\u00e4hrt werden:<\/p>\n<p><!-- \/divi:paragraph --><\/p>\n<p><!-- divi:list --><\/p>\n<ul>\n<li>B\u00fccher mit offensichtlichen Gebrauchsspuren<\/li>\n<li>CDs, DVDs, VHS-Kassetten, Software, Videospiele, Kassetten oder Vinyl-Schallplatten, die ge\u00f6ffnet wurden.<\/li>\n<li>Jeder Artikel, der sich nicht im Originalzustand befindet, besch\u00e4digt ist oder bei dem Teile aus Gr\u00fcnden fehlen, die nicht auf unseren Fehler zur\u00fcckzuf\u00fchren sind.<\/li>\n<li>Jeder Artikel, der sp\u00e4ter als 30 Tage nach der Lieferung zur\u00fcckgegeben wird.<\/li>\n<\/ul>\n<p><!-- \/divi:list --><\/p>\n<p><!-- divi:paragraph --><\/p>\n<h2>R\u00fcckerstattungen<\/h2>\n<p><!-- \/divi:paragraph --><\/p>\n<p><!-- divi:paragraph -->Sobald deine R\u00fccksendung eingegangen ist und gepr\u00fcft wurde, senden wir dir eine E-Mail, um dich dar\u00fcber zu informieren, dass wir deinen zur\u00fcckgegebenen Artikel erhalten haben. Wir werden dich auch \u00fcber die Genehmigung oder Ablehnung deiner R\u00fcckerstattung benachrichtigen. <\/p>\n<p><!-- \/divi:paragraph --><\/p>\n<p><!-- divi:paragraph -->Wenn sie genehmigt wird, wird deine R\u00fcckerstattung bearbeitet und innerhalb einer bestimmten Anzahl von Tagen automatisch eine Gutschrift auf deine Kreditkarte oder deine urspr\u00fcngliche Zahlungsmethode vorgenommen.<\/p>\n<p><!-- \/divi:paragraph --><\/p>\n<p><!-- divi:paragraph --><b>Versp\u00e4tete oder fehlende R\u00fcckerstattungen<\/b><\/p>\n<p><!-- \/divi:paragraph --><\/p>\n<p><!-- divi:paragraph -->Wenn du noch keine R\u00fcckerstattung erhalten hast, pr\u00fcfe zuerst noch einmal dein Bankkonto.<\/p>\n<p><!-- \/divi:paragraph --><\/p>\n<p><!-- divi:paragraph -->Kontaktiere dann dein Kreditkartenunternehmen; es kann einige Zeit dauern, bis deine R\u00fcckerstattung offiziell verbucht wird.<\/p>\n<p><!-- \/divi:paragraph --><\/p>\n<p><!-- divi:paragraph -->Kontaktiere als N\u00e4chstes deine Bank. Es gibt oft eine gewisse Bearbeitungszeit, bevor eine R\u00fcckerstattung verbucht wird. <\/p>\n<p><!-- \/divi:paragraph --><\/p>\n<p><!-- divi:paragraph -->Wenn du dies alles getan hast und deine R\u00fcckerstattung immer noch nicht erhalten hast, kontaktiere uns bitte unter {email address}.<\/p>\n<p><!-- \/divi:paragraph --><\/p>\n<p><!-- divi:paragraph --><b>Reduzierte Artikel<\/b><\/p>\n<p><!-- \/divi:paragraph --><\/p>\n<p><!-- divi:paragraph -->Nur Artikel zum regul\u00e4ren Preis k\u00f6nnen erstattet werden. Reduzierte Artikel k\u00f6nnen nicht erstattet werden. <\/p>\n<p><!-- \/divi:paragraph --><\/p>\n<p><!-- divi:paragraph --><\/p>\n<h2>Umtausch<\/h2>\n<p><!-- \/divi:paragraph --><\/p>\n<p><!-- divi:paragraph -->Wir ersetzen Artikel nur, wenn sie defekt oder besch\u00e4digt sind. Wenn du ihn gegen denselben Artikel umtauschen musst, sende uns eine E-Mail an {email address} und schicke deinen Artikel an: {physical address}. <\/p>\n<p><!-- \/divi:paragraph --><\/p>\n<p><!-- divi:paragraph --><\/p>\n<h2>Geschenke<\/h2>\n<p><!-- \/divi:paragraph --><\/p>\n<p><!-- divi:paragraph -->Wenn der Artikel beim Kauf als Geschenk markiert und direkt an dich versandt wurde, erh\u00e4ltst du eine Geschenkgutschrift \u00fcber den Wert deiner R\u00fcckgabe. Sobald der zur\u00fcckgegebene Artikel eingegangen ist, wird dir ein Geschenkgutschein per Post zugestellt. <\/p>\n<p><!-- \/divi:paragraph --><\/p>\n<p><!-- divi:paragraph -->Wenn der Artikel beim Kauf nicht als Geschenk markiert war oder der Schenkende die Bestellung an sich selbst hat schicken lassen, um sie dir sp\u00e4ter zu schenken, senden wir eine R\u00fcckerstattung an den Schenkenden und dieser wird von deiner R\u00fcckgabe erfahren.<\/p>\n<p><!-- \/divi:paragraph --><\/p>\n<p><!-- divi:paragraph --><\/p>\n<h2>R\u00fccksendungen versenden<\/h2>\n<p><!-- \/divi:paragraph --><\/p>\n<p><!-- divi:paragraph -->Um dein Produkt zur\u00fcckzugeben, solltest du dein Produkt an folgende Adresse senden: {physical address}.<\/p>\n<p><!-- \/divi:paragraph --><\/p>\n<p><!-- divi:paragraph -->Du bist selbst f\u00fcr die Zahlung deiner Versandkosten f\u00fcr die R\u00fccksendung deines Artikels verantwortlich. Versandkosten sind nicht erstattungsf\u00e4hig. Wenn du eine R\u00fcckerstattung erh\u00e4ltst, werden die Kosten f\u00fcr den R\u00fcckversand von deiner R\u00fcckerstattung abgezogen.  <\/p>\n<p><!-- \/divi:paragraph --><\/p>\n<p><!-- divi:paragraph -->Je nachdem, wo du wohnst, kann es unterschiedlich lange dauern, bis dein umgetauschtes Produkt bei dir eintrifft.<\/p>\n<p><!-- \/divi:paragraph --><\/p>\n<p><!-- divi:paragraph -->Wenn du teurere Artikel zur\u00fccksendest, solltest du die Nutzung eines verfolgbaren Versanddienstes oder den Abschluss einer Versandversicherung in Betracht ziehen. Wir garantieren nicht, dass wir deinen zur\u00fcckgesendeten Artikel erhalten werden. <\/p>\n<p><!-- \/divi:paragraph --><\/p>\n<p><!-- divi:paragraph --><\/p>\n<h2>Ben\u00f6tigst du Hilfe?<\/h2>\n<p><!-- \/divi:paragraph --><\/p>\n<p><!-- divi:paragraph -->Kontaktiere uns unter {email} bei Fragen zu R\u00fcckerstattungen und R\u00fcckgaben.<\/p>\n<p><!-- \/divi:paragraph --><\/p>\n<p>[\/et_pb_text][\/et_pb_column][\/et_pb_row][\/et_pb_section]<\/p>\n","protected":false},"excerpt":{"rendered":"<p><div class=\"et_pb_module dipl_double_color_heading dipl_double_color_heading_0 \">\n\t\t\t\t\n\t\t\t\t\n\t\t\t\t\n\t\t\t\t\n\t\t\t\t\n\t\t\t\t\n\t\t\t\t<div class=\"et_pb_module_inner\">\n\t\t\t\t\t<div class=\"dipl_text_wrapper\"><h1><span class=\"dipl_pre_text\">Refund &#038;<\/span><span class=\"dipl_main_text\">Returns Policy<\/span><\/h1><\/div>\n\t\t\t\t<\/div>\n\t\t\t<\/div>Bearbeite diesen Text in den Moduleinstellungen. Du kannst auch jeden Aspekt dieses Inhalts in den Design-Einstellungen des Moduls anpassen.Dies ist eine Beispielseite. \u00dcbersicht Unsere R\u00fcckerstattungs- und R\u00fcckgaberichtlinien gelten [&hellip;]<\/p>\n","protected":false},"author":1,"featured_media":0,"parent":0,"menu_order":0,"comment_status":"closed","ping_status":"closed","template":"","meta":{"_et_pb_use_builder":"on","_et_pb_old_content":"","_et_gb_content_width":"","footnotes":""},"class_list":["post-101079","page","type-page","status-publish","hentry"],"_links":{"self":[{"href":"https:\/\/www.kratiste.com\/de\/wp-json\/wp\/v2\/pages\/101079","targetHints":{"allow":["GET"]}}],"collection":[{"href":"https:\/\/www.kratiste.com\/de\/wp-json\/wp\/v2\/pages"}],"about":[{"href":"https:\/\/www.kratiste.com\/de\/wp-json\/wp\/v2\/types\/page"}],"author":[{"embeddable":true,"href":"https:\/\/www.kratiste.com\/de\/wp-json\/wp\/v2\/users\/1"}],"replies":[{"embeddable":true,"href":"https:\/\/www.kratiste.com\/de\/wp-json\/wp\/v2\/comments?post=101079"}],"version-history":[{"count":0,"href":"https:\/\/www.kratiste.com\/de\/wp-json\/wp\/v2\/pages\/101079\/revisions"}],"wp:attachment":[{"href":"https:\/\/www.kratiste.com\/de\/wp-json\/wp\/v2\/media?parent=101079"}],"curies":[{"name":"wp","href":"https:\/\/api.w.org\/{rel}","templated":true}]}}