{"id":100648,"date":"2026-03-02T15:53:03","date_gmt":"2026-03-02T15:53:03","guid":{"rendered":"https:\/\/www.kratiste.com\/sample-page\/"},"modified":"2026-03-23T05:41:03","modified_gmt":"2026-03-23T05:41:03","slug":"beispielseite-2","status":"publish","type":"page","link":"https:\/\/www.kratiste.com\/de\/sample-page\/","title":{"rendered":"Beispielseite"},"content":{"rendered":"<p>Dies ist eine Beispielseite. Sie unterscheidet sich von einem Blogbeitrag, da sie an einem Ort bleibt und in Ihrer Website-Navigation angezeigt wird (in den meisten Themes). Die meisten Leute beginnen mit einer \u00dcber-uns-Seite, die sie potenziellen Website-Besuchern vorstellt. Darauf k\u00f6nnte etwas wie folgt stehen:   <\/p>\n\n<blockquote class=\"wp-block-quote is-layout-flow wp-block-quote-is-layout-flow\">\n\n<p>Hallo! Ich bin tags\u00fcber ein Fahrradkurier und nachts ein aufstrebender Schauspieler, und dies ist meine Webseite. Ich lebe in Los Angeles, habe einen tollen Hund namens Jack und ich mag Pi\u00f1a Coladas. (Und im Regen erwischt zu werden.)   <\/p>\n\n<\/blockquote>\n\n<p>...oder so etwas \u00c4hnliches:<\/p>\n\n<blockquote class=\"wp-block-quote is-layout-flow wp-block-quote-is-layout-flow\">\n\n<p>Die XYZ-Schnickschnack-Firma wurde 1971 gegr\u00fcndet und versorgt die \u00d6ffentlichkeit seither mit Qualit\u00e4ts-Schnickschnacks. Ans\u00e4ssig in Gotham City, besch\u00e4ftigt XYZ \u00fcber 2.000 Mitarbeiter und unternimmt allerhand gro\u00dfartige Dinge f\u00fcr die Gotham-Gemeinschaft. <\/p>\n\n<\/blockquote>\n\n<p>Als neuer WordPress-Benutzer k\u00f6nnen Sie zu <a href=\"https:\/\/www.kratiste.com\/wp-admin\/\">Ihr Armaturenbrett<\/a> um diese Seite zu l\u00f6schen und neue Seiten f\u00fcr deine Inhalte zu erstellen. Viel Spa\u00df! <\/p>","protected":false},"excerpt":{"rendered":"<p>This is a sample page. It&#8217;s different from a blog post because it stays in one place and will show up in your site navigation (in most themes). Most people start with an About page that introduces them to potential site visitors. It might say something like this: Hi there! I&#8217;m a bike messenger by [&hellip;]<\/p>\n","protected":false},"author":1,"featured_media":0,"parent":0,"menu_order":0,"comment_status":"closed","ping_status":"open","template":"","meta":{"_et_pb_use_builder":"","_et_pb_old_content":"","_et_gb_content_width":"","footnotes":""},"class_list":["post-100648","page","type-page","status-publish","hentry"],"_links":{"self":[{"href":"https:\/\/www.kratiste.com\/de\/wp-json\/wp\/v2\/pages\/100648","targetHints":{"allow":["GET"]}}],"collection":[{"href":"https:\/\/www.kratiste.com\/de\/wp-json\/wp\/v2\/pages"}],"about":[{"href":"https:\/\/www.kratiste.com\/de\/wp-json\/wp\/v2\/types\/page"}],"author":[{"embeddable":true,"href":"https:\/\/www.kratiste.com\/de\/wp-json\/wp\/v2\/users\/1"}],"replies":[{"embeddable":true,"href":"https:\/\/www.kratiste.com\/de\/wp-json\/wp\/v2\/comments?post=100648"}],"version-history":[{"count":0,"href":"https:\/\/www.kratiste.com\/de\/wp-json\/wp\/v2\/pages\/100648\/revisions"}],"wp:attachment":[{"href":"https:\/\/www.kratiste.com\/de\/wp-json\/wp\/v2\/media?parent=100648"}],"curies":[{"name":"wp","href":"https:\/\/api.w.org\/{rel}","templated":true}]}}